{"id":10237,"date":"2020-03-18T16:57:17","date_gmt":"2020-03-18T07:57:17","guid":{"rendered":"https:\/\/history-here.com\/?page_id=10237"},"modified":"2020-03-18T17:00:45","modified_gmt":"2020-03-18T08:00:45","slug":"kurosawake11","status":"publish","type":"page","link":"https:\/\/history-here.com\/en\/stories\/kurosawake11","title":{"rendered":"The Kurosawa Family\u2019s Former Residence"},"content":{"rendered":"<p>State-Designated Important Cultural Property<br \/>\nThis house was built about 300 years ago, as a high-ranking samurai&#8217;s residence in the present-day Nakad\u014dri-Sanch\u014dme district, in Akita City. The Nakad\u014dri area was then a quarter for high-ranking samurai families, then called Kubota Castle&#8217;s Third District. In the Edo era, samurai were provided with official residences in function of their status and salary. Thus, this residence was occupied successively by the Haga family, Akata family, Yoshinari family, and Hirai family, before it was taken by the Kurosawa family in 1829, the head of which received an annual salary of 500 koku (75 tons of rice) and assumed the responsibilities as minister for forestry and mining affairs and later as minister for religious affairs.<br \/>\nThe residence consists of 6 buildings and a few structures: a Shoin-style main building, the Nagayamon-style front gate, a plaster-walled storehouse, a rice storehouse, a woodshed, and shinto shrine hall. This cultural property is extremely valuable because it is the only residence in Japan where the buildings remain in the same constellation as in the Edo era.<br \/>\nDesignation on May 19, 1989<br \/>\nNational Agency for Cultural Affairs<br \/>\nAkita City Board of Education<\/p>\n","protected":false},"excerpt":{"rendered":"<p>State-Designated Important Cultural Property This house was built about 300 years ago, as a high-ranking samurai&#8217;s residence in the present-day Nakad\u014dri-Sanch\u014dme district, in Akita City. The Nakad\u014dri area was then a quarter for high-ranking samurai families, then called Kubota Castle&#8217;s Third District. In the Edo era, samurai were provided with official residences in function of &hellip; <a href=\"https:\/\/history-here.com\/en\/stories\/kurosawake11\" class=\"more-link\">Continue reading <span class=\"screen-reader-text\">The Kurosawa Family\u2019s Former Residence<\/span><\/a><\/p>\n","protected":false},"author":6,"featured_media":0,"parent":414,"menu_order":0,"comment_status":"closed","ping_status":"closed","template":"","meta":{"jetpack_post_was_ever_published":false,"footnotes":""},"class_list":["post-10237","page","type-page","status-publish","hentry"],"jetpack_sharing_enabled":true,"jetpack_shortlink":"https:\/\/wp.me\/P9gCtR-2F7","amp_enabled":true,"_links":{"self":[{"href":"https:\/\/history-here.com\/en\/wp-json\/wp\/v2\/pages\/10237","targetHints":{"allow":["GET"]}}],"collection":[{"href":"https:\/\/history-here.com\/en\/wp-json\/wp\/v2\/pages"}],"about":[{"href":"https:\/\/history-here.com\/en\/wp-json\/wp\/v2\/types\/page"}],"author":[{"embeddable":true,"href":"https:\/\/history-here.com\/en\/wp-json\/wp\/v2\/users\/6"}],"replies":[{"embeddable":true,"href":"https:\/\/history-here.com\/en\/wp-json\/wp\/v2\/comments?post=10237"}],"version-history":[{"count":2,"href":"https:\/\/history-here.com\/en\/wp-json\/wp\/v2\/pages\/10237\/revisions"}],"predecessor-version":[{"id":10251,"href":"https:\/\/history-here.com\/en\/wp-json\/wp\/v2\/pages\/10237\/revisions\/10251"}],"up":[{"embeddable":true,"href":"https:\/\/history-here.com\/en\/wp-json\/wp\/v2\/pages\/414"}],"wp:attachment":[{"href":"https:\/\/history-here.com\/en\/wp-json\/wp\/v2\/media?parent=10237"}],"curies":[{"name":"wp","href":"https:\/\/api.w.org\/{rel}","templated":true}]}}