{"id":1279,"date":"2018-05-11T13:58:56","date_gmt":"2018-05-11T04:58:56","guid":{"rendered":"https:\/\/history-here.com?page_id=1279"},"modified":"2018-05-11T13:58:56","modified_gmt":"2018-05-11T04:58:56","slug":"dewatsuru-brewing","status":"publish","type":"page","link":"https:\/\/history-here.com\/en\/stories\/dewatsuru-brewing","title":{"rendered":"Dewatsuru Brewing"},"content":{"rendered":"<p>The founding family, originally from western Japan, moved to the Tohoku Region in the 17th century. The It\u00f4 family estab-lished themselves in Akita as landowners and village heads. In 1865, the 12th generation head of the family, J\u00fbshir\u00f4 It\u00f4, opened Yamato Brewery as a family business in Daisen City. J\u00fbshir\u00f4 harvested the locally cultivated quality rice, built a kura on his compound, and began brewing sak\u00e9.<br \/>\nThe following generation head, Ky\u00f4nosuke It\u00f4, turned the brewery into a corporation in 1913. The new name of the brewery and the name for its sak\u00e9, DEWATSURU (\u201cthe crane of Dewa Province\u201d), embodies the vision of making local sak\u00e9 as fine, elegant, and beautiful as a crane\u2019s wings. At the same time, Ky\u00f4nosuke was also breeding horses, which were a necessary commodity during that period. Even today, stables and pastures are located in the compound. Ky\u00f4no-suke also contributed to the region by cultivating the wil-derness, creating new fields, and improving the arable land, thereby increasing rice production.<br \/>\nDewatsuru Brewery is located in the southern part of Akita Prefecture between several large mountains. This location provides an abundance of fresh water, and the soil contains a wealth of nutrients for crops, thus giving the rice pro-duced in the area a particular tastefulness. This area is one of the best agricultural zones in Akita, and it has cold, snowy winters that are suitable for the Akita style of low-temperature, long-term brewing.<br \/>\nThe process of making great sak\u00e9 begins by using quality rice. Consequently, the brewers at Dewatsuru are involved with cultivating rice in addition to sak\u00e9 brewing. In particu-lar, the brewers collaborate with local farmers to develop farming techniques that produce higher-quality sak\u00e9 rice. The brewery also uses natural groundwater from snowmelts. The mountains in the region have a large amount of foliage, and as the snow melts, water descends and makes its way underground. The many layers of the soil act as a filtering mechanism, creating pure, soft water. The distinguishing characteristic of the sak\u00e9 born from this pure water is its refined quality.<br \/>\nThe name of Yamato Brewery is represented in one of its prod-ucts, YAMATO SHIZUKU, which is made using the brewing style of the mid-19th century. YAMATO SHIZUKU is a distinctively local sak\u00e9 made with sak\u00e9 rice (\u201cMiyamanishiki\u201d rice or \u201cAkita Sak\u00e9 Komachi\u201d rice) grown within 10 kilometers of the brewery by the brewery\u2019s members and contracted farmers. The 12 types of sak\u00e9 (seven types available throughout the year and five available seasonally) in the YAMATO SHIZUKU series are all junmaishu, and they can be shipped directly from the brewery to liquor shops.<\/p>\n","protected":false},"excerpt":{"rendered":"<p>The founding family, originally from western Japan, moved to the Tohoku Region in the 17th century. The It\u00f4 family estab-lished themselves in Akita as landowners and village heads. In 1865, the 12th generation head of the family, J\u00fbshir\u00f4 It\u00f4, opened Yamato Brewery as a family business in Daisen City. J\u00fbshir\u00f4 harvested the locally cultivated quality &hellip; <a href=\"https:\/\/history-here.com\/en\/stories\/dewatsuru-brewing\" class=\"more-link\">Continue reading <span class=\"screen-reader-text\">Dewatsuru Brewing<\/span><\/a><\/p>\n","protected":false},"author":1,"featured_media":0,"parent":414,"menu_order":0,"comment_status":"closed","ping_status":"closed","template":"","meta":{"jetpack_post_was_ever_published":false,"footnotes":""},"class_list":["post-1279","page","type-page","status-publish","hentry"],"jetpack_sharing_enabled":true,"jetpack_shortlink":"https:\/\/wp.me\/P9gCtR-kD","amp_enabled":true,"_links":{"self":[{"href":"https:\/\/history-here.com\/en\/wp-json\/wp\/v2\/pages\/1279","targetHints":{"allow":["GET"]}}],"collection":[{"href":"https:\/\/history-here.com\/en\/wp-json\/wp\/v2\/pages"}],"about":[{"href":"https:\/\/history-here.com\/en\/wp-json\/wp\/v2\/types\/page"}],"author":[{"embeddable":true,"href":"https:\/\/history-here.com\/en\/wp-json\/wp\/v2\/users\/1"}],"replies":[{"embeddable":true,"href":"https:\/\/history-here.com\/en\/wp-json\/wp\/v2\/comments?post=1279"}],"version-history":[{"count":1,"href":"https:\/\/history-here.com\/en\/wp-json\/wp\/v2\/pages\/1279\/revisions"}],"predecessor-version":[{"id":1280,"href":"https:\/\/history-here.com\/en\/wp-json\/wp\/v2\/pages\/1279\/revisions\/1280"}],"up":[{"embeddable":true,"href":"https:\/\/history-here.com\/en\/wp-json\/wp\/v2\/pages\/414"}],"wp:attachment":[{"href":"https:\/\/history-here.com\/en\/wp-json\/wp\/v2\/media?parent=1279"}],"curies":[{"name":"wp","href":"https:\/\/api.w.org\/{rel}","templated":true}]}}