{"id":8901,"date":"2020-02-18T15:29:11","date_gmt":"2020-02-18T06:29:11","guid":{"rendered":"https:\/\/history-here.com\/?page_id=8901"},"modified":"2020-03-14T21:38:48","modified_gmt":"2020-03-14T12:38:48","slug":"afrhm16","status":"publish","type":"page","link":"https:\/\/history-here.com\/en\/stories\/afrhm16","title":{"rendered":"Ancient Fortifications in East Japan and Akita Fort as the Northernmost Fort"},"content":{"rendered":"<p><img data-recalc-dims=\"1\" loading=\"lazy\" decoding=\"async\" data-attachment-id=\"8917\" data-permalink=\"https:\/\/history-here.com\/en\/stories\/afrhm16\/img_0120\" data-orig-file=\"https:\/\/i0.wp.com\/history-here.com\/wp-content\/uploads\/2020\/02\/IMG_0120.jpg?fit=5184%2C3888&amp;ssl=1\" data-orig-size=\"5184,3888\" data-comments-opened=\"0\" data-image-meta=\"{&quot;aperture&quot;:&quot;4&quot;,&quot;credit&quot;:&quot;&quot;,&quot;camera&quot;:&quot;Canon IXUS 285 HS&quot;,&quot;caption&quot;:&quot;&quot;,&quot;created_timestamp&quot;:&quot;1569813352&quot;,&quot;copyright&quot;:&quot;&quot;,&quot;focal_length&quot;:&quot;6.098&quot;,&quot;iso&quot;:&quot;160&quot;,&quot;shutter_speed&quot;:&quot;0.025&quot;,&quot;title&quot;:&quot;&quot;,&quot;orientation&quot;:&quot;1&quot;}\" data-image-title=\"IMG_0120\" data-image-description=\"\" data-image-caption=\"\" data-medium-file=\"https:\/\/i0.wp.com\/history-here.com\/wp-content\/uploads\/2020\/02\/IMG_0120.jpg?fit=300%2C225&amp;ssl=1\" data-large-file=\"https:\/\/i0.wp.com\/history-here.com\/wp-content\/uploads\/2020\/02\/IMG_0120.jpg?fit=685%2C514&amp;ssl=1\" class=\" wp-image-8917 alignright\" src=\"https:\/\/i0.wp.com\/history-here.com\/wp-content\/uploads\/2020\/02\/IMG_0120.jpg?resize=115%2C86&#038;ssl=1\" alt=\"\" width=\"115\" height=\"86\" srcset=\"https:\/\/i0.wp.com\/history-here.com\/wp-content\/uploads\/2020\/02\/IMG_0120.jpg?resize=300%2C225&amp;ssl=1 300w, https:\/\/i0.wp.com\/history-here.com\/wp-content\/uploads\/2020\/02\/IMG_0120.jpg?resize=1024%2C768&amp;ssl=1 1024w, https:\/\/i0.wp.com\/history-here.com\/wp-content\/uploads\/2020\/02\/IMG_0120.jpg?resize=768%2C576&amp;ssl=1 768w, https:\/\/i0.wp.com\/history-here.com\/wp-content\/uploads\/2020\/02\/IMG_0120.jpg?resize=1536%2C1152&amp;ssl=1 1536w, https:\/\/i0.wp.com\/history-here.com\/wp-content\/uploads\/2020\/02\/IMG_0120.jpg?resize=2048%2C1536&amp;ssl=1 2048w, https:\/\/i0.wp.com\/history-here.com\/wp-content\/uploads\/2020\/02\/IMG_0120.jpg?resize=685%2C514&amp;ssl=1 685w, https:\/\/i0.wp.com\/history-here.com\/wp-content\/uploads\/2020\/02\/IMG_0120.jpg?resize=2000%2C1500&amp;ssl=1 2000w, https:\/\/i0.wp.com\/history-here.com\/wp-content\/uploads\/2020\/02\/IMG_0120.jpg?w=1370&amp;ssl=1 1370w\" sizes=\"auto, (max-width: 115px) 100vw, 115px\" \/><strong>1. Ancient Fortifications in East Japan and Akita Fort as the Northernmost Fort<\/strong><br \/>\nIn ancient East Japan, the central government established fortifications with military and administrative functions in Echigo, Dewa, and northern Mutsu to control and govern local Emishi people and Yamato immigrants. Forts were constructed from the seventh to the ninth century from the south to the north of the entire region. The first recorded case of such fortifications was Nutari Fort, which was constructed in 647 in the province of Echigo. In the province of Mutsu, Taga Fort, Isawa Fort, and Shiwa Fort were constructed. In the province of Dewa, Ideha Fort (later renamed Akita Fort) and Ogachi Fort were constructed. Excavations have identified fourteen fortifications in the province of Mutsu since the late seventh century and three fortifications in the province of Dewa since the eighth century. Those fortifications functioned with regular maintenance and occasional mergers until they disappeared around the mid-tenth and eleventh century, when the ancient Japanese state lost its influence over the region. The most representative among them were Taga Fort on the east and Akita Fort on the west. Akita Fort was the northernmost fortification of the ancient Japanese state. It assumed important political and commercial functions as relations with the local and distant Emishi people and the continent were controlled there.<br \/>\n<strong>2. List of Major Fortifications and Years of Construction<\/strong><br \/>\nNutari Fort was constructed in 647, Iwafune Fort in 648, the site of K\u014driyama in the seventh century, Ideha Fort sometime before 709, Taga Fort in 724, Niita Fort in the eighth century, Akita Fort (as relocated Ideha Fort) in 733, Mom\u014d Fort in 758, Ogachi Fort in 759, the site of Dan-no-koshi in the eighth century, the site of Miyazawa in the eighth century, Iji Fort in 767, Yuri Fort in the eighth century, Hotta Fort in the early ninth century, Isawa Fort in 802, Shiwa Fort in 803, Tokutan Fort in 811, Kinowa Fort in the ninth century, and the site of Hachimori in the ninth century.<br \/>\n<strong>3. The Styles of Ancient Fortifications<\/strong><br \/>\nThe ancient defensive fortification had a double structure with inner and outer walls. The government offices were placed inside the inner walls. The constellation of buildings seems to have imitated the patterns of walled cities, such as Fujiwara-ky\u014d or Heij\u014d-ky\u014d. Styles changed over time in terms of the size, shape, and allocation of key buildings. The construction of Akita Fort began in 733 as Ideha Fort, which was originally located in present-day Sh\u014dnai in the prefecture of Yamagata. It was built on a hilly terrain in Akita in the shape of an incomplete square and was surrounded by strong rammed earth walls. In its shape and appearance, Akita Fort resembled Taga Fort on the other side of northern Japan, which was constructed a little earlier.<\/p>\n","protected":false},"excerpt":{"rendered":"<p>1. Ancient Fortifications in East Japan and Akita Fort as the Northernmost Fort In ancient East Japan, the central government established fortifications with military and administrative functions in Echigo, Dewa, and northern Mutsu to control and govern local Emishi people and Yamato immigrants. Forts were constructed from the seventh to the ninth century from the &hellip; <a href=\"https:\/\/history-here.com\/en\/stories\/afrhm16\" class=\"more-link\">Continue reading <span class=\"screen-reader-text\">Ancient Fortifications in East Japan and Akita Fort as the Northernmost Fort<\/span><\/a><\/p>\n","protected":false},"author":6,"featured_media":0,"parent":414,"menu_order":0,"comment_status":"closed","ping_status":"closed","template":"","meta":{"jetpack_post_was_ever_published":false,"footnotes":""},"class_list":["post-8901","page","type-page","status-publish","hentry"],"jetpack_sharing_enabled":true,"jetpack_shortlink":"https:\/\/wp.me\/P9gCtR-2jz","amp_enabled":true,"_links":{"self":[{"href":"https:\/\/history-here.com\/en\/wp-json\/wp\/v2\/pages\/8901","targetHints":{"allow":["GET"]}}],"collection":[{"href":"https:\/\/history-here.com\/en\/wp-json\/wp\/v2\/pages"}],"about":[{"href":"https:\/\/history-here.com\/en\/wp-json\/wp\/v2\/types\/page"}],"author":[{"embeddable":true,"href":"https:\/\/history-here.com\/en\/wp-json\/wp\/v2\/users\/6"}],"replies":[{"embeddable":true,"href":"https:\/\/history-here.com\/en\/wp-json\/wp\/v2\/comments?post=8901"}],"version-history":[{"count":4,"href":"https:\/\/history-here.com\/en\/wp-json\/wp\/v2\/pages\/8901\/revisions"}],"predecessor-version":[{"id":9626,"href":"https:\/\/history-here.com\/en\/wp-json\/wp\/v2\/pages\/8901\/revisions\/9626"}],"up":[{"embeddable":true,"href":"https:\/\/history-here.com\/en\/wp-json\/wp\/v2\/pages\/414"}],"wp:attachment":[{"href":"https:\/\/history-here.com\/en\/wp-json\/wp\/v2\/media?parent=8901"}],"curies":[{"name":"wp","href":"https:\/\/api.w.org\/{rel}","templated":true}]}}