{"id":5124,"date":"2018-11-10T12:44:07","date_gmt":"2018-11-10T03:44:07","guid":{"rendered":"https:\/\/history-here.com\/rikinosuke-ishikawa"},"modified":"2019-02-28T20:49:04","modified_gmt":"2019-02-28T11:49:04","slug":"rikinosuke-ishikawa","status":"publish","type":"page","link":"https:\/\/history-here.com\/pt-br\/stories\/rikinosuke-ishikawa","title":{"rendered":"Lugar Hist\u00f3rico de Rikinosuke Ishikawa"},"content":{"rendered":"<p>Rikinosuke Ishikawa, l\u00edder agr\u00e1rio do per\u00edodo Meiji, nasceu em 1845 na vila de Koizumi (atualmente, no Distrito Kanaashi-Koizumi, Cidade de Akita). Em 1865, ele entrou para a fam\u00edlia Ishikawa atrav\u00e9s de casamento, fam\u00edlia essa que era dona de terras em Yamada (atualmente, Showa-Toyokawa-Yamada, na Cidade de Katagami). Atrav\u00e9s de suas intensas pesquisas sobre a geografia, a hist\u00f3ria e a cultura das vilas, ele produziu um ensaio intitulado \u201cTekisan-Shirabe\u201d (que significa \u201cPesquisa sobre Condi\u00e7\u00f5es \u00d3timas de Produ\u00e7\u00e3o\u201d), que serviu como base para o treinamento dado por ele nas comunidades agr\u00edcolas. Ele trabalhou duro, desde o nascer do sol at\u00e9 bem tarde da noite, acreditando sempre que \u201cum dorminhoco n\u00e3o deve manter os outros acordados\u201d (isso \u00e9, um l\u00edder deve ir na frente, para que outros o sigam).<br \/>\nEle iniciou o encontro de interc\u00e2mbio anual de sementes em 1878, que se tornou um importante evento social para fazendeiros da Prefeitura de Akita. Esse evento existe at\u00e9 aos dias de hoje. Assim, os ensinamentos de Rikinosuke Ishikawa ainda permanecem vivos nas pessoas de Akita.<br \/>\nEste lugar hist\u00f3rico tem edif\u00edcios tais como o Sh\u014dan (\u201cCabana de Mod\u00e9stia Nobre\u201d), onde este l\u00edder viveu seus \u00faltimos dias; o Kojind\u014d-Bunko (\u201cBiblioteca do Idoso\u201d), onde ele guardou sua cole\u00e7\u00e3o de livros; e o Bik\u014ds\u014d (\u201cDep\u00f3sito para Preparar Dias Dif\u00edceis\u201d), que armazenou arroz para casos de seca e colheitas fracas.<\/p>\n","protected":false},"excerpt":{"rendered":"<p>Rikinosuke Ishikawa, l\u00edder agr\u00e1rio do per\u00edodo Meiji, nasceu em 1845 na vila de Koizumi (atualmente, no Distrito Kanaashi-Koizumi, Cidade de Akita). Em 1865, ele entrou para a fam\u00edlia Ishikawa atrav\u00e9s de casamento, fam\u00edlia essa que era dona de terras em Yamada (atualmente, Showa-Toyokawa-Yamada, na Cidade de Katagami). Atrav\u00e9s de suas intensas pesquisas sobre a geografia, &hellip; <a href=\"https:\/\/history-here.com\/pt-br\/stories\/rikinosuke-ishikawa\" class=\"more-link\">Continue lendo <span class=\"screen-reader-text\">Lugar Hist\u00f3rico de Rikinosuke Ishikawa<\/span><\/a><\/p>\n","protected":false},"author":4,"featured_media":0,"parent":414,"menu_order":0,"comment_status":"closed","ping_status":"closed","template":"","meta":{"jetpack_post_was_ever_published":false,"footnotes":""},"class_list":["post-5124","page","type-page","status-publish","hentry"],"jetpack_sharing_enabled":true,"jetpack_shortlink":"https:\/\/wp.me\/P9gCtR-1kE","amp_enabled":true,"_links":{"self":[{"href":"https:\/\/history-here.com\/pt-br\/wp-json\/wp\/v2\/pages\/5124","targetHints":{"allow":["GET"]}}],"collection":[{"href":"https:\/\/history-here.com\/pt-br\/wp-json\/wp\/v2\/pages"}],"about":[{"href":"https:\/\/history-here.com\/pt-br\/wp-json\/wp\/v2\/types\/page"}],"author":[{"embeddable":true,"href":"https:\/\/history-here.com\/pt-br\/wp-json\/wp\/v2\/users\/4"}],"replies":[{"embeddable":true,"href":"https:\/\/history-here.com\/pt-br\/wp-json\/wp\/v2\/comments?post=5124"}],"version-history":[{"count":2,"href":"https:\/\/history-here.com\/pt-br\/wp-json\/wp\/v2\/pages\/5124\/revisions"}],"predecessor-version":[{"id":5489,"href":"https:\/\/history-here.com\/pt-br\/wp-json\/wp\/v2\/pages\/5124\/revisions\/5489"}],"up":[{"embeddable":true,"href":"https:\/\/history-here.com\/pt-br\/wp-json\/wp\/v2\/pages\/414"}],"wp:attachment":[{"href":"https:\/\/history-here.com\/pt-br\/wp-json\/wp\/v2\/media?parent=5124"}],"curies":[{"name":"wp","href":"https:\/\/api.w.org\/{rel}","templated":true}]}}